{"id":7,"date":"2015-11-14T10:58:38","date_gmt":"2015-11-14T10:58:38","guid":{"rendered":"https:\/\/www.lrevent.com\/ch\/?page_id=7"},"modified":"2024-01-10T16:28:18","modified_gmt":"2024-01-10T14:28:18","slug":"home","status":"publish","type":"page","link":"https:\/\/www.lrevent.com\/ch\/","title":{"rendered":"LR Events CH"},"content":{"rendered":"<div class=\"fusion-fullwidth fullwidth-box fusion-builder-row-1 fusion-flex-container nonhundred-percent-fullwidth non-hundred-percent-height-scrolling fusion-sticky-container\" style=\"--awb-border-radius-top-left:0px;--awb-border-radius-top-right:0px;--awb-border-radius-bottom-right:0px;--awb-border-radius-bottom-left:0px;--awb-overflow:auto;--awb-flex-wrap:wrap;\" data-transition-offset=\"0\" data-scroll-offset=\"0\" data-sticky-small-visibility=\"1\" data-sticky-medium-visibility=\"1\" data-sticky-large-visibility=\"1\" ><div class=\"fusion-builder-row fusion-row fusion-flex-align-items-stretch fusion-flex-justify-content-center fusion-flex-content-wrap\" style=\"max-width:1216.8px;margin-left: calc(-4% \/ 2 );margin-right: calc(-4% \/ 2 );\"><div class=\"fusion-layout-column fusion_builder_column fusion-builder-column-0 fusion_builder_column_1_1 1_1 fusion-flex-column\" style=\"--awb-bg-size:cover;--awb-width-large:100%;--awb-margin-top-large:0px;--awb-spacing-right-large:1.92%;--awb-margin-bottom-large:50px;--awb-spacing-left-large:1.92%;--awb-width-medium:100%;--awb-order-medium:0;--awb-spacing-right-medium:1.92%;--awb-spacing-left-medium:1.92%;--awb-width-small:100%;--awb-order-small:0;--awb-spacing-right-small:1.92%;--awb-spacing-left-small:1.92%;\"><div class=\"fusion-column-wrapper fusion-column-has-shadow fusion-flex-justify-content-flex-start fusion-content-layout-column\"><div class=\"fusion-title title fusion-title-1 fusion-sep-none fusion-title-center fusion-title-text fusion-title-size-div\" style=\"--awb-font-size:60px;\"><div class=\"fusion-title-heading title-heading-center title-heading-tag fusion-responsive-typography-calculated\" style=\"font-family:Arial, Helvetica, sans-serif;font-style:normal;font-weight:700;margin:0;font-size:1em;--fontSize:60;line-height:2.5;\">EVENTS LR SCHWEIZ<\/div><\/div><div class=\"fusion-text fusion-text-1\" style=\"--awb-text-transform:none;\"><h3><\/h3>\n<h4 style=\"text-align: center\">Events, Webinare, Seminare hier finden Sie jeden Anlass von LR Schweiz.<\/h4>\n<h4 style=\"text-align: center\">Ev\u00e9nements, webinaires, s\u00e9minaires Ici, vous trouverez chaque \u00e9v\u00e9nement de LR Suisse.<\/h4>\n<\/div><div class=\"fusion-video fusion-youtube\" style=\"--awb-max-width:850px;--awb-max-height:500px;--awb-align-self:center;--awb-width:100%;\" data-autoplay=\"1\"><div class=\"video-shortcode\"><div class=\"fluid-width-video-wrapper\" style=\"padding-top:58.82%;\" ><iframe title=\"YouTube video player 1\" src=\"https:\/\/www.youtube.com\/embed\/PJ3lwi8xJy8?wmode=transparent&autoplay=0\" width=\"850\" height=\"500\" allowfullscreen allow=\"autoplay; fullscreen\"><\/iframe><\/div><\/div><\/div><\/div><\/div><div class=\"fusion-layout-column fusion_builder_column fusion-builder-column-1 fusion_builder_column_1_3 1_3 fusion-flex-column\" style=\"--awb-bg-color:rgba(255,255,255,0);--awb-bg-color-hover:rgba(255,255,255,0);--awb-bg-size:cover;--awb-width-large:33.333333333333%;--awb-margin-top-large:0px;--awb-spacing-right-large:5.76%;--awb-margin-bottom-large:20px;--awb-spacing-left-large:5.76%;--awb-width-medium:100%;--awb-order-medium:0;--awb-spacing-right-medium:1.92%;--awb-spacing-left-medium:1.92%;--awb-width-small:100%;--awb-order-small:0;--awb-spacing-right-small:1.92%;--awb-spacing-left-small:1.92%;\"><div class=\"fusion-column-wrapper fusion-column-has-shadow fusion-flex-justify-content-flex-start fusion-content-layout-column\"><div ><a class=\"fusion-button button-3d button-xlarge button-custom fusion-button-default button-1 fusion-button-span-yes fusion-display-normal-only fusion-has-button-gradient\" style=\"--button_accent_color:#ffffff;--button_border_color:rgba(0,0,0,0.56);--button_accent_hover_color:#ffffff;--button_border_hover_color:#4b4e52;--button_gradient_top_color:rgba(91,91,91,0.92);--button_gradient_bottom_color:#4f4f4f;--button_gradient_top_color_hover:#353535;--button_gradient_bottom_color_hover:#212121;--button_text_transform:uppercase;--button_typography-font-family:&#039;Arial Black&#039;, Gadget, sans-serif;--button_typography-font-style:normal;--button_typography-font-weight:700;\" target=\"_blank\" rel=\"noopener noreferrer\" href=\"https:\/\/www.lrevent.com\/ch\/webinare\/\"><i class=\"fa-angle-right fas button-icon-left\" aria-hidden=\"true\"><\/i><span class=\"fusion-button-text\">Events<\/span><\/a><\/div><\/div><\/div><\/div><\/div>\n","protected":false},"excerpt":{"rendered":"","protected":false},"author":1,"featured_media":0,"parent":0,"menu_order":0,"comment_status":"closed","ping_status":"closed","template":"100-width.php","meta":{"footnotes":""},"class_list":["post-7","page","type-page","status-publish","hentry"],"_links":{"self":[{"href":"https:\/\/www.lrevent.com\/ch\/wp-json\/wp\/v2\/pages\/7"}],"collection":[{"href":"https:\/\/www.lrevent.com\/ch\/wp-json\/wp\/v2\/pages"}],"about":[{"href":"https:\/\/www.lrevent.com\/ch\/wp-json\/wp\/v2\/types\/page"}],"author":[{"embeddable":true,"href":"https:\/\/www.lrevent.com\/ch\/wp-json\/wp\/v2\/users\/1"}],"replies":[{"embeddable":true,"href":"https:\/\/www.lrevent.com\/ch\/wp-json\/wp\/v2\/comments?post=7"}],"version-history":[{"count":85,"href":"https:\/\/www.lrevent.com\/ch\/wp-json\/wp\/v2\/pages\/7\/revisions"}],"predecessor-version":[{"id":2172,"href":"https:\/\/www.lrevent.com\/ch\/wp-json\/wp\/v2\/pages\/7\/revisions\/2172"}],"wp:attachment":[{"href":"https:\/\/www.lrevent.com\/ch\/wp-json\/wp\/v2\/media?parent=7"}],"curies":[{"name":"wp","href":"https:\/\/api.w.org\/{rel}","templated":true}]}}